{"id":153,"date":"2018-01-11T11:49:25","date_gmt":"2018-01-11T11:49:25","guid":{"rendered":"http:\/\/blog.myshopx.de\/?page_id=153"},"modified":"2018-07-19T19:08:13","modified_gmt":"2018-07-19T19:08:13","slug":"ueber-uns","status":"publish","type":"page","link":"http:\/\/myshopx.info\/?page_id=153","title":{"rendered":"\u00dcber uns"},"content":{"rendered":"<p><strong>Viele gute Teile ergeben ein perfektes Ganzes<\/strong><\/p>\n<p>Unsere Unternehmens-Philosophie basiert auf dem einfachen wie erfolgreichen Prinzip: \u201eImmer Mensch bleiben\u201c. In Kombination mit langj\u00e4hriger Erfahrung und h\u00f6chstem Engagement ist das der Grund f\u00fcr die Zufriedenheit unserer Kunden.<\/p>\n<p>Denn ganz gleich, ob Sie privat oder gesch\u00e4ftlich zu uns kommen \u2013 wir verstehen Sie garantiert. Zum einen nat\u00fcrlich Ihre speziellen Anforderungen und W\u00fcnsche, zum anderen aber auch so manche Sprache. Und wenn nicht, verst\u00e4ndigen wir uns mit unseren Kunden auch mal per Zeichensprache oder mit Bleistift und Malblock. Wichtig f\u00fcr uns ist: Bisher konnten wir jedem Kunden helfen. Und darauf sind wir ganz sch\u00f6n stolz.<\/p>\n<p>Damit Sie sich bei uns rundum wohl f\u00fchlen, geben 4 Mitarbeiter in den Filialen Dortmund und D\u00fclmen pro Woche 68 Stunden lang unerm\u00fcdlich ihr Bestes. Durch unser gro\u00dfes Lager mit 100 m\u00b2 Fl\u00e4che und einem st\u00e4ndigen Sortiment von ca. 1000 Artikeln aller g\u00e4ngigen, aber auch vieler weniger gebr\u00e4uchlicher Automarken, k\u00f6nnen wir Ihre W\u00fcnsche fast immer sofort erf\u00fcllen.<\/p>\n<p>Und was wir nicht vor Ort haben, bestellen wir gleich bei den Herstellern oder unseren Handelspartnern. Und k\u00f6nnen es Ihnen in der Regel noch am gleichen Tag anbieten. Wie gewohnt nat\u00fcrlich zu sehr attraktiven Preisen.<\/p>\n<p>Neben dem Tagesgesch\u00e4ft sind wir auch bei vielen anderen Projekten aktiv. Wir haben zum Beispiel in eine neue EDV-Software investiert und unsere Verkaufsr\u00e4ume neu gestaltet. Dazu haben wir im Mai unsere erste Filiale in D\u00fclmen er\u00f6ffnet, die in dieser Region sehr gut angenommen wird und sich erfreulich positiv entwickelt. Erneut ein Grund f\u00fcr uns, ein wenig stolz zu sein.<\/p>\n<p>Denn Stillstand gibt es bei uns nicht. Aber unser Slogan hei\u00dft ja schlie\u00dflich nicht umsonst: Wir machen Ihr Auto <em>mobil<\/em>.<\/p>\n<p>Auch unser Web-Shop f\u00fcr gewerbliche Kunden wird gerne genutzt, denn hier geschieht die Ersatzteil-Bestellung ganz einfach vom Schreibtisch aus. Dar\u00fcber hinaus sind wir immer auf der Suche nach neuen, g\u00fcnstigen Lieferanten, um bei gleicher Qualit\u00e4t noch ein wenig preiswerter zu werden.<\/p>\n<p>Und das wir uns st\u00e4ndig weiterbilden, um f\u00fcr Sie die neusten Produkte und Services kennen zu lernen, wie etwa das Reifendruck-Kontrollsystem (RDKS) oder modernste LED\/Laser-Scheinwerfertechnik, ist selbstverst\u00e4ndlich.<\/p>\n<p>Unser neuster Kunden-Service ist ein Verleihsystem f\u00fcr hochwertige und teure Spezialwerkzeuge, damit Werkst\u00e4tten diese nicht selbst anschaffen m\u00fcssen, was nat\u00fcrlich den Etat sp\u00fcrbar entlastet und diese Betriebe finanziell wesentlich flexibler macht.<\/p>\n<p>Durch unsere starke Partnerschaft mit der Motoo-Gruppe haben wir ein besonderes Highlight im Angebot: Komplette Werkstattausr\u00fcstungen zu fairen Preisen, als Leasing-Modell oder zum Kauf.<\/p>\n<p>Zudem ist das intelligente wie flexible Motoo-Werkstattsystem f\u00fcr unsere gewerblichen Kunden eine interessante M\u00f6glichkeit, sich einer starken Gemeinschaft anzuschlie\u00dfen. Motoo unterst\u00fctzt angeschlossene Werkst\u00e4tten mit professionellen L\u00f6sungen f\u00fcr Bereiche wie zum Beispiel EDV, Werkstatt-Management, Marketing, Au\u00dfen-Signalisation und vielem mehr.<\/p>\n","protected":false},"excerpt":{"rendered":"<p>Viele gute Teile ergeben ein perfektes Ganzes Unsere Unternehmens-Philosophie basiert auf dem einfachen wie erfolgreichen Prinzip: \u201eImmer Mensch bleiben\u201c. In Kombination mit langj\u00e4hriger Erfahrung und h\u00f6chstem Engagement ist das der Grund f\u00fcr die Zufriedenheit unserer Kunden. Denn ganz gleich, ob Sie privat oder gesch\u00e4ftlich zu uns kommen \u2013 wir verstehen Sie garantiert. Zum einen nat\u00fcrlich [&hellip;]<\/p>\n","protected":false},"author":2,"featured_media":0,"parent":0,"menu_order":0,"comment_status":"closed","ping_status":"closed","template":"","meta":{"footnotes":""},"class_list":["post-153","page","type-page","status-publish","hentry","post"],"_links":{"self":[{"href":"http:\/\/myshopx.info\/index.php?rest_route=\/wp\/v2\/pages\/153","targetHints":{"allow":["GET"]}}],"collection":[{"href":"http:\/\/myshopx.info\/index.php?rest_route=\/wp\/v2\/pages"}],"about":[{"href":"http:\/\/myshopx.info\/index.php?rest_route=\/wp\/v2\/types\/page"}],"author":[{"embeddable":true,"href":"http:\/\/myshopx.info\/index.php?rest_route=\/wp\/v2\/users\/2"}],"replies":[{"embeddable":true,"href":"http:\/\/myshopx.info\/index.php?rest_route=%2Fwp%2Fv2%2Fcomments&post=153"}],"version-history":[{"count":4,"href":"http:\/\/myshopx.info\/index.php?rest_route=\/wp\/v2\/pages\/153\/revisions"}],"predecessor-version":[{"id":287,"href":"http:\/\/myshopx.info\/index.php?rest_route=\/wp\/v2\/pages\/153\/revisions\/287"}],"wp:attachment":[{"href":"http:\/\/myshopx.info\/index.php?rest_route=%2Fwp%2Fv2%2Fmedia&parent=153"}],"curies":[{"name":"wp","href":"https:\/\/api.w.org\/{rel}","templated":true}]}}