{"id":184,"date":"2018-01-12T07:21:27","date_gmt":"2018-01-12T07:21:27","guid":{"rendered":"http:\/\/blog.myshopx.de\/?page_id=184"},"modified":"2018-01-12T07:21:27","modified_gmt":"2018-01-12T07:21:27","slug":"historie","status":"publish","type":"page","link":"http:\/\/myshopx.info\/?page_id=184","title":{"rendered":"Historie"},"content":{"rendered":"<p><strong>Zu jeder Zeit Ihr zuverl\u00e4ssiger Partner<\/strong><\/p>\n<p>Als am 01.01.2010 die Firma <strong>myshopX<\/strong> vom damaligen Filialleiter Richard Reiss in das heutige Unternehmen <strong>myshopX<\/strong> umgewandelt wurde, konnte er durch die gute Arbeit, der er \u00fcber die Jahre geleistet hatte, weiterhin auf einen treuen Kundenstamm z\u00e4hlen.<\/p>\n<p>Aus dem Angebot von zun\u00e4chst 10.000 Artikeln, die in einem kleinen Lager von 100m\u00b2 Platz fanden, sind heute \u00fcber 18.000 Produkte geworden, die auf ca. 1.600 m\u00b2 f\u00fcr Sie st\u00e4ndig bereit gehalten werden.<\/p>\n<p>Heute ist <strong>myshopX<\/strong> ein beliebtes, kundenorientiertes Unternehmen, das f\u00fcr jeden Wunsch und noch so spezielle Anforderungen mit Sicherheit immer eine L\u00f6sung auf Lager hat.<\/p>\n","protected":false},"excerpt":{"rendered":"<p>Zu jeder Zeit Ihr zuverl\u00e4ssiger Partner Als am 01.01.2010 die Firma myshopX vom damaligen Filialleiter Richard Reiss in das heutige Unternehmen myshopX umgewandelt wurde, konnte er durch die gute Arbeit, der er \u00fcber die Jahre geleistet hatte, weiterhin auf einen treuen Kundenstamm z\u00e4hlen. Aus dem Angebot von zun\u00e4chst 10.000 Artikeln, die in einem kleinen Lager [&hellip;]<\/p>\n","protected":false},"author":2,"featured_media":0,"parent":153,"menu_order":0,"comment_status":"closed","ping_status":"closed","template":"","meta":{"footnotes":""},"class_list":["post-184","page","type-page","status-publish","hentry","post"],"_links":{"self":[{"href":"http:\/\/myshopx.info\/index.php?rest_route=\/wp\/v2\/pages\/184","targetHints":{"allow":["GET"]}}],"collection":[{"href":"http:\/\/myshopx.info\/index.php?rest_route=\/wp\/v2\/pages"}],"about":[{"href":"http:\/\/myshopx.info\/index.php?rest_route=\/wp\/v2\/types\/page"}],"author":[{"embeddable":true,"href":"http:\/\/myshopx.info\/index.php?rest_route=\/wp\/v2\/users\/2"}],"replies":[{"embeddable":true,"href":"http:\/\/myshopx.info\/index.php?rest_route=%2Fwp%2Fv2%2Fcomments&post=184"}],"version-history":[{"count":1,"href":"http:\/\/myshopx.info\/index.php?rest_route=\/wp\/v2\/pages\/184\/revisions"}],"predecessor-version":[{"id":185,"href":"http:\/\/myshopx.info\/index.php?rest_route=\/wp\/v2\/pages\/184\/revisions\/185"}],"up":[{"embeddable":true,"href":"http:\/\/myshopx.info\/index.php?rest_route=\/wp\/v2\/pages\/153"}],"wp:attachment":[{"href":"http:\/\/myshopx.info\/index.php?rest_route=%2Fwp%2Fv2%2Fmedia&parent=184"}],"curies":[{"name":"wp","href":"https:\/\/api.w.org\/{rel}","templated":true}]}}