{"id":188,"date":"2018-01-12T07:23:56","date_gmt":"2018-01-12T07:23:56","guid":{"rendered":"http:\/\/blog.myshopx.de\/?page_id=188"},"modified":"2018-07-19T19:17:36","modified_gmt":"2018-07-19T19:17:36","slug":"angebote","status":"publish","type":"page","link":"http:\/\/myshopx.info\/?page_id=188","title":{"rendered":"Angebote"},"content":{"rendered":"<p><strong>Schaltmanschetten<\/strong><\/p>\n<p>&#8230; f\u00fcr alle Automodelle und aus echtem Leder<\/p>\n<p><a href=\"https:\/\/myshopx.de\/index.php?id_category=22&amp;controller=category&amp;id_lang=2\" target=\"_blank\" rel=\"noopener\"><img loading=\"lazy\" decoding=\"async\" src=\"\/wp-content\/uploads\/angebote_schaltmanschetten-1.png\" width=\"1000\" height=\"200\" \/><\/a><\/p>\n<p><strong>Komplette Schaltkn\u00e4ufe<\/strong><\/p>\n<p>&#8230; f\u00fcr viele Automodelle und mit Marken-Qualit\u00e4t<\/p>\n<p><a href=\"https:\/\/myshopx.de\/index.php?id_category=193&amp;controller=category&amp;id_lang=2\" target=\"_blank\" rel=\"noopener\"><img loading=\"lazy\" decoding=\"async\" src=\"\/wp-content\/uploads\/angebote_kompl_schaltknauf.jpg\" alt=\"Schaltknauf\" width=\"1000\" height=\"200\" \/><\/a><\/p>\n<p><strong>Schaltsack-Set<\/strong><\/p>\n<p>&#8230; f\u00fcr alle Geschm\u00e4cker<\/p>\n<p><a href=\"https:\/\/myshopx.de\/index.php?id_category=49&amp;controller=category&amp;id_lang=2\" target=\"_blank\" rel=\"noopener\"><img loading=\"lazy\" decoding=\"async\" src=\"\/wp-content\/uploads\/angebote_schaltsackset.jpg\" alt=\"Schaltknauf\" width=\"1000\" height=\"200\" \/><\/a><\/p>\n","protected":false},"excerpt":{"rendered":"<p>Schaltmanschetten &#8230; f\u00fcr alle Automodelle und aus echtem Leder Komplette Schaltkn\u00e4ufe &#8230; f\u00fcr viele Automodelle und mit Marken-Qualit\u00e4t Schaltsack-Set &#8230; f\u00fcr alle Geschm\u00e4cker<\/p>\n","protected":false},"author":2,"featured_media":0,"parent":0,"menu_order":0,"comment_status":"closed","ping_status":"closed","template":"","meta":{"footnotes":""},"class_list":["post-188","page","type-page","status-publish","hentry","post"],"_links":{"self":[{"href":"http:\/\/myshopx.info\/index.php?rest_route=\/wp\/v2\/pages\/188","targetHints":{"allow":["GET"]}}],"collection":[{"href":"http:\/\/myshopx.info\/index.php?rest_route=\/wp\/v2\/pages"}],"about":[{"href":"http:\/\/myshopx.info\/index.php?rest_route=\/wp\/v2\/types\/page"}],"author":[{"embeddable":true,"href":"http:\/\/myshopx.info\/index.php?rest_route=\/wp\/v2\/users\/2"}],"replies":[{"embeddable":true,"href":"http:\/\/myshopx.info\/index.php?rest_route=%2Fwp%2Fv2%2Fcomments&post=188"}],"version-history":[{"count":10,"href":"http:\/\/myshopx.info\/index.php?rest_route=\/wp\/v2\/pages\/188\/revisions"}],"predecessor-version":[{"id":289,"href":"http:\/\/myshopx.info\/index.php?rest_route=\/wp\/v2\/pages\/188\/revisions\/289"}],"wp:attachment":[{"href":"http:\/\/myshopx.info\/index.php?rest_route=%2Fwp%2Fv2%2Fmedia&parent=188"}],"curies":[{"name":"wp","href":"https:\/\/api.w.org\/{rel}","templated":true}]}}