{"id":192,"date":"2018-01-12T07:24:30","date_gmt":"2018-01-12T07:24:30","guid":{"rendered":"http:\/\/blog.myshopx.de\/?page_id=192"},"modified":"2018-08-29T20:04:52","modified_gmt":"2018-08-29T20:04:52","slug":"filialen","status":"publish","type":"page","link":"http:\/\/myshopx.info\/?page_id=192","title":{"rendered":"Filialen"},"content":{"rendered":"<p>Unsere modern ausgestattete Filiale in Waltrop erstreckt sich bis zu 100 m<sup>2<\/sup>. Hier lagern wir alle unsere Produkte sortiert nach Produktnummer und -art.<\/p>\n<table style=\"height: 184px;\" width=\"792\">\n<tbody>\n<tr>\n<td><a href=\"https:\/\/myshopx.eu\/wp-content\/uploads\/Geschaeftsstelle2.jpg\"><img loading=\"lazy\" decoding=\"async\" class=\"alignnone wp-image-298 size-medium\" src=\"https:\/\/myshopx.eu\/wp-content\/uploads\/Geschaeftsstelle2-300x169.jpg\" alt=\"\" width=\"300\" height=\"169\" srcset=\"http:\/\/myshopx.info\/wp-content\/uploads\/Geschaeftsstelle2-300x169.jpg 300w, http:\/\/myshopx.info\/wp-content\/uploads\/Geschaeftsstelle2-768x432.jpg 768w, http:\/\/myshopx.info\/wp-content\/uploads\/Geschaeftsstelle2.jpg 1000w\" sizes=\"auto, (max-width: 300px) 100vw, 300px\" \/><\/a><\/td>\n<td><a href=\"https:\/\/myshopx.eu\/wp-content\/uploads\/Ladeneingang2.jpg\"><img loading=\"lazy\" decoding=\"async\" class=\"alignnone wp-image-300 size-medium\" src=\"https:\/\/myshopx.eu\/wp-content\/uploads\/Ladeneingang2-300x169.jpg\" alt=\"\" width=\"300\" height=\"169\" srcset=\"http:\/\/myshopx.info\/wp-content\/uploads\/Ladeneingang2-300x169.jpg 300w, http:\/\/myshopx.info\/wp-content\/uploads\/Ladeneingang2-768x432.jpg 768w, http:\/\/myshopx.info\/wp-content\/uploads\/Ladeneingang2.jpg 1000w\" sizes=\"auto, (max-width: 300px) 100vw, 300px\" \/><\/a><\/td>\n<\/tr>\n<tr>\n<td>Kommen Sie in unsere Filiale und schauen Sie sich um.<br \/>\n<a href=\"https:\/\/myshopx.eu\/wp-content\/uploads\/empfangstisch.jpg\"><img loading=\"lazy\" decoding=\"async\" class=\"alignnone wp-image-299 size-medium\" src=\"https:\/\/myshopx.eu\/wp-content\/uploads\/empfangstisch-300x169.jpg\" alt=\"\" width=\"300\" height=\"169\" srcset=\"http:\/\/myshopx.info\/wp-content\/uploads\/empfangstisch-300x169.jpg 300w, http:\/\/myshopx.info\/wp-content\/uploads\/empfangstisch-768x432.jpg 768w, http:\/\/myshopx.info\/wp-content\/uploads\/empfangstisch.jpg 1000w\" sizes=\"auto, (max-width: 300px) 100vw, 300px\" \/><\/a><\/td>\n<td>Unsere Regale beherbergen Kleinteile wie Elektronik und Schrauben.<br \/>\n<a href=\"https:\/\/myshopx.eu\/wp-content\/uploads\/lager1.jpg\"><img loading=\"lazy\" decoding=\"async\" class=\"alignnone wp-image-301 size-medium\" src=\"https:\/\/myshopx.eu\/wp-content\/uploads\/lager1-300x169.jpg\" alt=\"\" width=\"300\" height=\"169\" srcset=\"http:\/\/myshopx.info\/wp-content\/uploads\/lager1-300x169.jpg 300w, http:\/\/myshopx.info\/wp-content\/uploads\/lager1-768x432.jpg 768w, http:\/\/myshopx.info\/wp-content\/uploads\/lager1.jpg 1000w\" sizes=\"auto, (max-width: 300px) 100vw, 300px\" \/><\/a><\/td>\n<\/tr>\n<tr>\n<td>Eine Sammlung verschiedener Lederartikel, wie Schaltmanschetten und Handbremss\u00e4cken.<br \/>\n<a href=\"https:\/\/myshopx.eu\/wp-content\/uploads\/lager2.jpg\"><img loading=\"lazy\" decoding=\"async\" class=\"alignnone wp-image-302 size-medium\" src=\"https:\/\/myshopx.eu\/wp-content\/uploads\/lager2-300x183.jpg\" alt=\"\" width=\"300\" height=\"183\" srcset=\"http:\/\/myshopx.info\/wp-content\/uploads\/lager2-300x183.jpg 300w, http:\/\/myshopx.info\/wp-content\/uploads\/lager2-768x468.jpg 768w, http:\/\/myshopx.info\/wp-content\/uploads\/lager2.jpg 1000w\" sizes=\"auto, (max-width: 300px) 100vw, 300px\" \/><\/a><\/td>\n<td>Neuverpackte Lenkradbez\u00fcge in den verschiedensten Farben und Gr\u00f6\u00dfen<br \/>\n<a href=\"https:\/\/myshopx.eu\/wp-content\/uploads\/lager3.jpg\"><img loading=\"lazy\" decoding=\"async\" class=\"alignnone wp-image-303 size-medium\" src=\"https:\/\/myshopx.eu\/wp-content\/uploads\/lager3-300x169.jpg\" alt=\"\" width=\"300\" height=\"169\" srcset=\"http:\/\/myshopx.info\/wp-content\/uploads\/lager3-300x169.jpg 300w, http:\/\/myshopx.info\/wp-content\/uploads\/lager3-768x433.jpg 768w, http:\/\/myshopx.info\/wp-content\/uploads\/lager3.jpg 1000w\" sizes=\"auto, (max-width: 300px) 100vw, 300px\" \/><\/a><\/td>\n<\/tr>\n<tr>\n<td>Regelm\u00e4\u00dfige Inventuren des Lagers sorgen f\u00fcr ein aufger\u00e4umtes und vollst\u00e4ndiges Sortiment.<br \/>\n<a href=\"https:\/\/myshopx.eu\/wp-content\/uploads\/lager4.jpg\"><img loading=\"lazy\" decoding=\"async\" class=\"alignnone wp-image-304 size-medium\" src=\"https:\/\/myshopx.eu\/wp-content\/uploads\/lager4-300x169.jpg\" alt=\"\" width=\"300\" height=\"169\" srcset=\"http:\/\/myshopx.info\/wp-content\/uploads\/lager4-300x169.jpg 300w, http:\/\/myshopx.info\/wp-content\/uploads\/lager4-768x432.jpg 768w, http:\/\/myshopx.info\/wp-content\/uploads\/lager4.jpg 1000w\" sizes=\"auto, (max-width: 300px) 100vw, 300px\" \/><\/a><\/td>\n<\/tr>\n<\/tbody>\n<\/table>\n","protected":false},"excerpt":{"rendered":"<p>Unsere modern ausgestattete Filiale in Waltrop erstreckt sich bis zu 100 m2. Hier lagern wir alle unsere Produkte sortiert nach Produktnummer und -art. Kommen Sie in unsere Filiale und schauen Sie sich um. Unsere Regale beherbergen Kleinteile wie Elektronik und Schrauben. Eine Sammlung verschiedener Lederartikel, wie Schaltmanschetten und Handbremss\u00e4cken. Neuverpackte Lenkradbez\u00fcge in den verschiedensten Farben [&hellip;]<\/p>\n","protected":false},"author":2,"featured_media":0,"parent":0,"menu_order":0,"comment_status":"closed","ping_status":"closed","template":"","meta":{"footnotes":""},"class_list":["post-192","page","type-page","status-publish","hentry","post"],"_links":{"self":[{"href":"http:\/\/myshopx.info\/index.php?rest_route=\/wp\/v2\/pages\/192","targetHints":{"allow":["GET"]}}],"collection":[{"href":"http:\/\/myshopx.info\/index.php?rest_route=\/wp\/v2\/pages"}],"about":[{"href":"http:\/\/myshopx.info\/index.php?rest_route=\/wp\/v2\/types\/page"}],"author":[{"embeddable":true,"href":"http:\/\/myshopx.info\/index.php?rest_route=\/wp\/v2\/users\/2"}],"replies":[{"embeddable":true,"href":"http:\/\/myshopx.info\/index.php?rest_route=%2Fwp%2Fv2%2Fcomments&post=192"}],"version-history":[{"count":9,"href":"http:\/\/myshopx.info\/index.php?rest_route=\/wp\/v2\/pages\/192\/revisions"}],"predecessor-version":[{"id":307,"href":"http:\/\/myshopx.info\/index.php?rest_route=\/wp\/v2\/pages\/192\/revisions\/307"}],"wp:attachment":[{"href":"http:\/\/myshopx.info\/index.php?rest_route=%2Fwp%2Fv2%2Fmedia&parent=192"}],"curies":[{"name":"wp","href":"https:\/\/api.w.org\/{rel}","templated":true}]}}